{"id":4033,"date":"2022-02-17T13:45:24","date_gmt":"2022-02-17T13:45:24","guid":{"rendered":"https:\/\/autotest.it\/impronta\/"},"modified":"2025-12-01T13:39:32","modified_gmt":"2025-12-01T13:39:32","slug":"impronta","status":"publish","type":"page","link":"https:\/\/autotest.it\/it\/impronta\/","title":{"rendered":"Impronta"},"content":{"rendered":"\t\t<div data-elementor-type=\"wp-page\" data-elementor-id=\"4033\" class=\"elementor elementor-4033 elementor-1928\">\n\t\t\t\t\t\t\t\t\t<section class=\"elementor-section elementor-top-section elementor-element elementor-element-c5497f9 elementor-section-boxed elementor-section-height-default elementor-section-height-default\" data-id=\"c5497f9\" data-element_type=\"section\">\n\t\t\t\t\t\t<div class=\"elementor-container elementor-column-gap-default\">\n\t\t\t\t\t<div class=\"elementor-column elementor-col-100 elementor-top-column elementor-element elementor-element-c0376bb\" data-id=\"c0376bb\" data-element_type=\"column\">\n\t\t\t<div class=\"elementor-widget-wrap elementor-element-populated\">\n\t\t\t\t\t\t\t\t<div class=\"elementor-element elementor-element-793d10f elementor-widget elementor-widget-text-editor\" data-id=\"793d10f\" data-element_type=\"widget\" data-widget_type=\"text-editor.default\">\n\t\t\t\t<div class=\"elementor-widget-container\">\n\t\t\t\t\t\t\t<div>\n<div>\n<div>\n<div>\n<p><strong>Autotest S\u00fcdtirol GmbH<\/strong><br \/>Fabrikweg 7\/Via Weggenstein<br \/>I-39045 Franzenfeste\/Mittewald<br \/><span style=\"color: var( --e-global-color-text ); font-family: var( --e-global-typography-text-font-family ), Sans-serif; font-weight: var( --e-global-typography-text-font-weight ); font-size: 1rem;\">Tel. +39 0472 459 500<br \/><\/span><span style=\"color: var( --e-global-color-text ); font-family: var( --e-global-typography-text-font-family ), Sans-serif; font-weight: var( --e-global-typography-text-font-weight ); font-size: 1rem;\">Fax +39 0472 459599<\/span><br \/> www.autotest.it<\/p>\n<\/div>\n<\/div>\n<\/div>\n<\/div>\n<div>\n<div>\n<div>\n<div>\n<p>Rappresentante legale: Andrea Vantaggi<br \/>Email: info.franzensfeste@autotest.it<br \/>Indirizzo Pec: info@pec.autotest.it<br \/>Camera di Commercio: Bolzano<br \/>Numero di iscrizione alla Camera di Commercio: BZ &#8211; 158289<br \/>Capitale sociale: 1.000.000 di euro<br \/><span style=\"color: var( --e-global-color-text ); font-family: var( --e-global-typography-text-font-family ), Sans-serif; font-weight: var( --e-global-typography-text-font-weight ); font-size: 1rem;\">Ust-IdNr.: IT01703870210<\/span><\/p>\n<p><span style=\"color: var( --e-global-color-text ); font-family: var( --e-global-typography-text-font-family ), Sans-serif; font-size: 1rem; font-weight: var( --e-global-typography-text-font-weight );\">Autotest S\u00fcdtirol Srl &#8211; controllata e coordinata da CETERUM-Holding GmbH,<\/span><br \/> <span style=\"color: var( --e-global-color-text ); font-family: var( --e-global-typography-text-font-family ), Sans-serif; font-weight: var( --e-global-typography-text-font-weight ); font-size: 1rem;\">con sede a Monaco di Baviera (Germania), Leopoldstra\u00dfe 1; capitale sociale Euro 5.000.000,00 interamente<\/span> <span style=\"color: var( --e-global-color-text ); font-family: var( --e-global-typography-text-font-family ), Sans-serif; font-weight: var( --e-global-typography-text-font-weight ); font-size: 1rem;\">versato<\/span><br \/> <span style=\"color: var( --e-global-color-text ); font-family: var( --e-global-typography-text-font-family ), Sans-serif; font-size: 1rem; font-weight: var( --e-global-typography-text-font-weight );\">iscritto nel registro delle imprese di Monaco con il numero HRB 263795,<\/span><br \/> <span style=\"color: var( --e-global-color-text ); font-family: var( --e-global-typography-text-font-family ), Sans-serif; font-size: 1rem; font-weight: var( --e-global-typography-text-font-weight );\">codice fiscale italiano 91056940215 (obbligatorio ai sensi del \u00a7 2497 CC italiano)<\/span><\/p>\n<p>Volksbank altoatesina AG<br \/><span style=\"color: var( --e-global-color-text ); font-family: var( --e-global-typography-text-font-family ), Sans-serif; font-size: 1rem; font-weight: var( --e-global-typography-text-font-weight );\">IBAN IT91H0585658590040571217534<\/span><br \/> <span style=\"color: var( --e-global-color-text ); font-family: var( --e-global-typography-text-font-family ), Sans-serif; font-size: 1rem; font-weight: var( --e-global-typography-text-font-weight );\">SWIFT\/BIC BPAAIT2BXXX<\/span><\/p>\n<p><strong style=\"color: var( --e-global-color-text ); font-family: var( --e-global-typography-text-font-family ), Sans-serif; font-size: 1rem;\"><span style=\"color: var( --e-global-color-text ); font-family: var( --e-global-typography-text-font-family ), Sans-serif; font-size: 1rem;\">Disclaimer:<\/span><\/strong><br \/> <span style=\"color: var( --e-global-color-text ); font-family: var( --e-global-typography-text-font-family ), Sans-serif; font-weight: var( --e-global-typography-text-font-weight ); font-size: 1rem;\">L&#8217;<\/span> <span style=\"color: var( --e-global-color-text ); font-family: var( --e-global-typography-text-font-family ), Sans-serif; font-weight: var( --e-global-typography-text-font-weight ); font-size: 1rem;\">Autotest Alto Adige<\/span><span style=\"color: var( --e-global-color-text ); font-family: var( --e-global-typography-text-font-family ), Sans-serif; font-weight: var( --e-global-typography-text-font-weight ); font-size: 1rem;\"> GmbH fa ogni sforzo per garantire che le informazioni contenute in questo sito web siano corrette. \u00c8 esclusa ogni responsabilit\u00e0 o garanzia per l&#8217;attualit\u00e0, correttezza e completezza delle informazioni fornite. Inoltre, il <\/span><span style=\"color: var( --e-global-color-text ); font-family: var( --e-global-typography-text-font-family ), Sans-serif; font-weight: var( --e-global-typography-text-font-weight ); font-size: 1rem;\">Autotest Alto Adige<\/span><span style=\"color: var( --e-global-color-text ); font-family: var( --e-global-typography-text-font-family ), Sans-serif; font-weight: var( --e-global-typography-text-font-weight ); font-size: 1rem;\"> GmbH non \u00e8 responsabile per il contenuto dei siti Web collegati esternamente tramite collegamenti ipertestuali. il <\/span><span style=\"color: var( --e-global-color-text ); font-family: var( --e-global-typography-text-font-family ), Sans-serif; font-weight: var( --e-global-typography-text-font-weight ); font-size: 1rem;\">Autotest S\u00fcdtirol<\/span> <span style=\"color: var( --e-global-color-text ); font-family: var( --e-global-typography-text-font-family ), Sans-serif; font-weight: var( --e-global-typography-text-font-weight ); font-size: 1rem;\">GmbH si riserva il diritto di apportare modifiche o integrazioni alle informazioni fornite senza preavviso.<\/span><\/p>\n<p><strong>Diritto d&#8217;autore:<\/strong><br \/>Il layout della homepage, la grafica utilizzata e il contenuto del sito web di Autotest S\u00fcdtirol GmbH sono protetti da copyright. La duplicazione delle informazioni, in particolare l&#8217;utilizzo di testi, parti di testo o immagini, richiede il previo consenso scritto di Autotest S\u00fcdtirol GmbH.<\/p>\n<p><strong>Partner mediatici:<\/strong><br \/><a style=\"font-family: var( --e-global-typography-text-font-family ), Sans-serif; font-weight: var( --e-global-typography-text-font-weight ); background-color: #f5f5f5; font-size: 1rem;\" href=\"https:\/\/www.webandgrow.com\/\">Web e crescere &#8211; Web design e social media<\/a><\/p>\n<p><strong>Modello Organizzativo 231<\/strong><br \/> <a href=\"https:\/\/b2ufxit3.myraidbox.de\/wp-content\/uploads\/Modell-231_Autotest-corporate-Governance-Sez.-IV-Modello-231.pdf\" target=\"_blank\" rel=\"noopener\">scarica ora<\/a><\/p>\n<p><strong>Condizioni di acquisto<\/strong><br \/> <a href=\"https:\/\/b2ufxit3.myraidbox.de\/wp-content\/uploads\/Allgemeine-Einkaufsbedingungen-Autotest-Eisenach-GmbH.pdf\" target=\"_blank\" rel=\"noopener\">scarica ora<\/a><strong><br \/><\/strong><\/p>\n<p>\u00a9 Autotest S\u00fcdtirol GmbH 2022 \u2013 Tutti i diritti riservati.<\/p>\n<\/div>\n<\/div>\n<\/div>\n<\/div>\n\t\t\t\t\t\t<\/div>\n\t\t\t\t<\/div>\n\t\t\t\t\t<\/div>\n\t\t<\/div>\n\t\t\t\t\t\t\t<\/div>\n\t\t<\/section>\n\t\t\t\t\t\t\t<\/div>\n\t\t","protected":false},"excerpt":{"rendered":"<p>Autotest S\u00fcdtirol GmbHFabrikweg 7\/Via WeggensteinI-39045 Franzenfeste\/MittewaldTel. +39 0472 459 500Fax +39 0472 459599 www.autotest.it Rappresentante legale: Andrea VantaggiEmail: info.franzensfeste@autotest.itIndirizzo Pec: info@pec.autotest.itCamera di Commercio: BolzanoNumero di iscrizione alla Camera di Commercio: BZ &#8211; 158289Capitale sociale: 1.000.000 di euroUst-IdNr.: IT01703870210 Autotest S\u00fcdtirol Srl &#8211; controllata e coordinata da CETERUM-Holding GmbH, con sede a Monaco di Baviera (Germania),<\/p>\n<div class=\"carutos-read-more-link\"><a class=\"more-link button-link\" href=\"https:\/\/autotest.it\/it\/impronta\/\">Read More  &nbsp; <i class=\"fa fa-long-arrow-right\" aria-hidden=\"true\"><\/i><\/a><\/div>\n","protected":false},"author":1,"featured_media":0,"parent":0,"menu_order":0,"comment_status":"closed","ping_status":"closed","template":"","meta":{"inline_featured_image":false,"footnotes":""},"class_list":["post-4033","page","type-page","status-publish","hentry"],"yoast_head":"<!-- This site is optimized with the Yoast SEO plugin v23.7 - https:\/\/yoast.com\/wordpress\/plugins\/seo\/ -->\n<title>Autotest | Bauteile Automobilindustrie - S\u00fcdtirol<\/title>\n<meta name=\"description\" content=\"Bei Autotest werden hochinnovative und hochkomplexe Bauteile f\u00fcr die internationale Automobilindustrie entwickelt und gefertigt.\" \/>\n<meta name=\"robots\" content=\"index, follow, max-snippet:-1, max-image-preview:large, max-video-preview:-1\" \/>\n<link rel=\"canonical\" href=\"https:\/\/autotest.it\/impressum\/\" \/>\n<meta property=\"og:locale\" content=\"it_IT\" \/>\n<meta property=\"og:type\" content=\"article\" \/>\n<meta property=\"og:title\" content=\"Autotest | Bauteile Automobilindustrie - S\u00fcdtirol\" \/>\n<meta property=\"og:description\" content=\"Bei Autotest werden hochinnovative und hochkomplexe Bauteile f\u00fcr die internationale Automobilindustrie entwickelt und gefertigt.\" \/>\n<meta property=\"og:url\" content=\"https:\/\/autotest.it\/impressum\/\" \/>\n<meta property=\"og:site_name\" content=\"Autotest\" \/>\n<meta property=\"article:modified_time\" content=\"2025-12-01T13:39:32+00:00\" \/>\n<meta name=\"twitter:card\" content=\"summary_large_image\" \/>\n<meta name=\"twitter:label1\" content=\"Tempo di lettura stimato\" \/>\n\t<meta name=\"twitter:data1\" content=\"2 minuti\" \/>\n<script type=\"application\/ld+json\" class=\"yoast-schema-graph\">{\"@context\":\"https:\/\/schema.org\",\"@graph\":[{\"@type\":\"WebPage\",\"@id\":\"https:\/\/autotest.it\/impressum\/\",\"url\":\"https:\/\/autotest.it\/impressum\/\",\"name\":\"Autotest | Bauteile Automobilindustrie - S\u00fcdtirol\",\"isPartOf\":{\"@id\":\"https:\/\/autotest.it\/#website\"},\"datePublished\":\"2022-02-17T13:45:24+00:00\",\"dateModified\":\"2025-12-01T13:39:32+00:00\",\"description\":\"Bei Autotest werden hochinnovative und hochkomplexe Bauteile f\u00fcr die internationale Automobilindustrie entwickelt und gefertigt.\",\"breadcrumb\":{\"@id\":\"https:\/\/autotest.it\/impressum\/#breadcrumb\"},\"inLanguage\":\"it-IT\",\"potentialAction\":[{\"@type\":\"ReadAction\",\"target\":[\"https:\/\/autotest.it\/impressum\/\"]}]},{\"@type\":\"BreadcrumbList\",\"@id\":\"https:\/\/autotest.it\/impressum\/#breadcrumb\",\"itemListElement\":[{\"@type\":\"ListItem\",\"position\":1,\"name\":\"Startseite\",\"item\":\"https:\/\/autotest.it\/it\/\"},{\"@type\":\"ListItem\",\"position\":2,\"name\":\"Impronta\"}]},{\"@type\":\"WebSite\",\"@id\":\"https:\/\/autotest.it\/#website\",\"url\":\"https:\/\/autotest.it\/\",\"name\":\"Autotest\",\"description\":\"\",\"publisher\":{\"@id\":\"https:\/\/autotest.it\/#organization\"},\"potentialAction\":[{\"@type\":\"SearchAction\",\"target\":{\"@type\":\"EntryPoint\",\"urlTemplate\":\"https:\/\/autotest.it\/?s={search_term_string}\"},\"query-input\":{\"@type\":\"PropertyValueSpecification\",\"valueRequired\":true,\"valueName\":\"search_term_string\"}}],\"inLanguage\":\"it-IT\"},{\"@type\":\"Organization\",\"@id\":\"https:\/\/autotest.it\/#organization\",\"name\":\"Autotest S\u00fcdtirol GmbH\",\"url\":\"https:\/\/autotest.it\/\",\"logo\":{\"@type\":\"ImageObject\",\"inLanguage\":\"it-IT\",\"@id\":\"https:\/\/autotest.it\/#\/schema\/logo\/image\/\",\"url\":\"https:\/\/autotest.it\/wp-content\/uploads\/Element-2-01.png\",\"contentUrl\":\"https:\/\/autotest.it\/wp-content\/uploads\/Element-2-01.png\",\"width\":501,\"height\":501,\"caption\":\"Autotest S\u00fcdtirol GmbH\"},\"image\":{\"@id\":\"https:\/\/autotest.it\/#\/schema\/logo\/image\/\"}}]}<\/script>\n<!-- \/ Yoast SEO plugin. -->","yoast_head_json":{"title":"Autotest | Bauteile Automobilindustrie - S\u00fcdtirol","description":"Bei Autotest werden hochinnovative und hochkomplexe Bauteile f\u00fcr die internationale Automobilindustrie entwickelt und gefertigt.","robots":{"index":"index","follow":"follow","max-snippet":"max-snippet:-1","max-image-preview":"max-image-preview:large","max-video-preview":"max-video-preview:-1"},"canonical":"https:\/\/autotest.it\/impressum\/","og_locale":"it_IT","og_type":"article","og_title":"Autotest | Bauteile Automobilindustrie - S\u00fcdtirol","og_description":"Bei Autotest werden hochinnovative und hochkomplexe Bauteile f\u00fcr die internationale Automobilindustrie entwickelt und gefertigt.","og_url":"https:\/\/autotest.it\/impressum\/","og_site_name":"Autotest","article_modified_time":"2025-12-01T13:39:32+00:00","twitter_card":"summary_large_image","twitter_misc":{"Tempo di lettura stimato":"2 minuti"},"schema":{"@context":"https:\/\/schema.org","@graph":[{"@type":"WebPage","@id":"https:\/\/autotest.it\/impressum\/","url":"https:\/\/autotest.it\/impressum\/","name":"Autotest | Bauteile Automobilindustrie - S\u00fcdtirol","isPartOf":{"@id":"https:\/\/autotest.it\/#website"},"datePublished":"2022-02-17T13:45:24+00:00","dateModified":"2025-12-01T13:39:32+00:00","description":"Bei Autotest werden hochinnovative und hochkomplexe Bauteile f\u00fcr die internationale Automobilindustrie entwickelt und gefertigt.","breadcrumb":{"@id":"https:\/\/autotest.it\/impressum\/#breadcrumb"},"inLanguage":"it-IT","potentialAction":[{"@type":"ReadAction","target":["https:\/\/autotest.it\/impressum\/"]}]},{"@type":"BreadcrumbList","@id":"https:\/\/autotest.it\/impressum\/#breadcrumb","itemListElement":[{"@type":"ListItem","position":1,"name":"Startseite","item":"https:\/\/autotest.it\/it\/"},{"@type":"ListItem","position":2,"name":"Impronta"}]},{"@type":"WebSite","@id":"https:\/\/autotest.it\/#website","url":"https:\/\/autotest.it\/","name":"Autotest","description":"","publisher":{"@id":"https:\/\/autotest.it\/#organization"},"potentialAction":[{"@type":"SearchAction","target":{"@type":"EntryPoint","urlTemplate":"https:\/\/autotest.it\/?s={search_term_string}"},"query-input":{"@type":"PropertyValueSpecification","valueRequired":true,"valueName":"search_term_string"}}],"inLanguage":"it-IT"},{"@type":"Organization","@id":"https:\/\/autotest.it\/#organization","name":"Autotest S\u00fcdtirol GmbH","url":"https:\/\/autotest.it\/","logo":{"@type":"ImageObject","inLanguage":"it-IT","@id":"https:\/\/autotest.it\/#\/schema\/logo\/image\/","url":"https:\/\/autotest.it\/wp-content\/uploads\/Element-2-01.png","contentUrl":"https:\/\/autotest.it\/wp-content\/uploads\/Element-2-01.png","width":501,"height":501,"caption":"Autotest S\u00fcdtirol GmbH"},"image":{"@id":"https:\/\/autotest.it\/#\/schema\/logo\/image\/"}}]}},"_links":{"self":[{"href":"https:\/\/autotest.it\/it\/wp-json\/wp\/v2\/pages\/4033","targetHints":{"allow":["GET"]}}],"collection":[{"href":"https:\/\/autotest.it\/it\/wp-json\/wp\/v2\/pages"}],"about":[{"href":"https:\/\/autotest.it\/it\/wp-json\/wp\/v2\/types\/page"}],"author":[{"embeddable":true,"href":"https:\/\/autotest.it\/it\/wp-json\/wp\/v2\/users\/1"}],"replies":[{"embeddable":true,"href":"https:\/\/autotest.it\/it\/wp-json\/wp\/v2\/comments?post=4033"}],"version-history":[{"count":9,"href":"https:\/\/autotest.it\/it\/wp-json\/wp\/v2\/pages\/4033\/revisions"}],"predecessor-version":[{"id":7237,"href":"https:\/\/autotest.it\/it\/wp-json\/wp\/v2\/pages\/4033\/revisions\/7237"}],"wp:attachment":[{"href":"https:\/\/autotest.it\/it\/wp-json\/wp\/v2\/media?parent=4033"}],"curies":[{"name":"wp","href":"https:\/\/api.w.org\/{rel}","templated":true}]}}